{"id":72,"date":"2020-01-27T00:18:46","date_gmt":"2020-01-27T00:18:46","guid":{"rendered":"https:\/\/www.rhythm-n-school.de\/mesmerize\/"},"modified":"2024-09-27T13:26:55","modified_gmt":"2024-09-27T13:26:55","slug":"mesmerize","status":"publish","type":"page","link":"https:\/\/rhythm-n-school.de\/","title":{"rendered":"Home Page"},"content":{"rendered":"<div  data-label=\"Features\" data-id=\"features--1\" data-export-id=\"features-16\" data-category=\"features\" class=\"features-16 content-section content-section-spacing\" id=\"features-1\" style=\"background-color: #ffffff;\">\r\n<div  class=\"gridContainer\">\r\n<div  class=\"row text-center\">\r\n<div  class=\"section-title-col\" data-type=\"column\">\r\n<h1  class=\"\">Schlagzeug lernen ohne Noten<\/h1>\r\nmit geht auch\r\n<p  class=\"lead\">Ein Leben ohne dein Instrument? Wenn das f\u00fcr dich m\u00f6glich, aber sinnlos w\u00e4re, bist du hier genau richtig!<\/p>\r\n\r\n<\/div>\r\n<\/div>\r\n<div  class=\"row spaced-cols\" data-type=\"row\">\r\n<div  class=\"col-xs-12 col-sm-6 col-md-4 space-bottom\">\r\n\r\n<img decoding=\"async\"  class=\"face\" src=\"https:\/\/rhythm-n-school.de\/wp-content\/uploads\/2020\/01\/rhythm-n-school_logo.jpg\" alt=\"\" title=\"rhythm-n-school_logo\">\r\n<div  data-type=\"column\" class=\"col-padding-small col-padding-small-xs description-container\">\r\n<h4  class=\"font-500\">Schlagzeugunterricht<\/h4>\r\n<ul  class=\"\">\r\n \t<li >Schlagzeugunterricht<\/li>\r\n \t<li >Trommelunterricht<\/li>\r\n \t<li >Mit u. ohne Noten<\/li>\r\n \t<li >Rhythmische Grundlagen f\u00fcr alle Instrumente und S\u00e4ngerInnen<\/li>\r\n \t<li >Einmalige Crash-Kurse<\/li>\r\n<\/ul>\r\n<\/div>\r\n<\/div>\r\n<div  class=\"col-xs-12 col-sm-6 col-md-4 space-bottom\">\r\n\r\n<img decoding=\"async\"  class=\"face\" src=\"https:\/\/rhythm-n-school.de\/wp-content\/uploads\/2020\/01\/1-titelbild.jpg\" alt=\"www.rhythm-N-school.de\" title=\"www.rhythm-N-school.de\">\r\n<div  data-type=\"column\" class=\"col-padding-small col-padding-small-xs description-container\">\r\n<h4  class=\"font-500\">Schlagzeug lernen ohne Noten<\/h4>\r\n<\/div>\r\n<\/div>\r\n<div  class=\"col-xs-12 col-sm-6 col-md-4 space-bottom\">\r\n\r\n<img decoding=\"async\"  class=\"face\" src=\"https:\/\/rhythm-n-school.de\/wp-content\/uploads\/2020\/01\/blau.jpg\" alt=\"\" title=\"blau\">\r\n<div  data-type=\"column\" class=\"col-padding-small col-padding-small-xs description-container\">\r\n<h4  class=\"font-500\">rhythm-N-school<\/h4>\r\n<p  class=\"\">Im Raum Oldenburg und Rastede\r\nInfos \u00fcber die <a  href=\"https:\/\/rhythm-n-school.de\/kontakt\">Kontaktseite<\/a><\/p>\r\nFriedo Hess\r\n\r\n<\/div>\r\n<\/div>\r\n<\/div>\r\n<\/div>\r\n<\/div>","protected":false},"excerpt":{"rendered":"<p>Schlagzeug lernen ohne Noten mit geht auch Ein Leben ohne dein Instrument? Wenn das f\u00fcr dich m\u00f6glich, aber sinnlos w\u00e4re, bist du hier genau richtig! Schlagzeugunterricht Schlagzeugunterricht Trommelunterricht Mit u. ohne Noten Rhythmische Grundlagen f\u00fcr alle Instrumente und S\u00e4ngerInnen Einmalige Crash-Kurse Schlagzeug lernen ohne Noten rhythm-N-school Im Raum Oldenburg und Rastede Infos \u00fcber die Kontaktseite&hellip; <br \/> <a class=\"read-more\" href=\"https:\/\/rhythm-n-school.de\/\">Weiterlesen<\/a><\/p>\n","protected":false},"author":2,"featured_media":0,"parent":0,"menu_order":1,"comment_status":"closed","ping_status":"closed","template":"page-templates\/homepage.php","meta":{"footnotes":""},"class_list":["post-72","page","type-page","status-publish","hentry"],"_links":{"self":[{"href":"https:\/\/rhythm-n-school.de\/index.php?rest_route=\/wp\/v2\/pages\/72","targetHints":{"allow":["GET"]}}],"collection":[{"href":"https:\/\/rhythm-n-school.de\/index.php?rest_route=\/wp\/v2\/pages"}],"about":[{"href":"https:\/\/rhythm-n-school.de\/index.php?rest_route=\/wp\/v2\/types\/page"}],"author":[{"embeddable":true,"href":"https:\/\/rhythm-n-school.de\/index.php?rest_route=\/wp\/v2\/users\/2"}],"replies":[{"embeddable":true,"href":"https:\/\/rhythm-n-school.de\/index.php?rest_route=%2Fwp%2Fv2%2Fcomments&post=72"}],"version-history":[{"count":3,"href":"https:\/\/rhythm-n-school.de\/index.php?rest_route=\/wp\/v2\/pages\/72\/revisions"}],"predecessor-version":[{"id":187,"href":"https:\/\/rhythm-n-school.de\/index.php?rest_route=\/wp\/v2\/pages\/72\/revisions\/187"}],"wp:attachment":[{"href":"https:\/\/rhythm-n-school.de\/index.php?rest_route=%2Fwp%2Fv2%2Fmedia&parent=72"}],"curies":[{"name":"wp","href":"https:\/\/api.w.org\/{rel}","templated":true}]}}